{"id":64,"date":"2019-12-06T09:01:53","date_gmt":"2019-12-06T09:01:53","guid":{"rendered":"http:\/\/pomoc.multi-admin.com\/?page_id=64"},"modified":"2019-12-06T10:15:55","modified_gmt":"2019-12-06T10:15:55","slug":"platnosci-wychodzace-poh-payment-otput-handler","status":"publish","type":"page","link":"https:\/\/pomoc.multi-admin.com\/index.php\/platnosci-wychodzace-poh-payment-otput-handler\/","title":{"rendered":"P\u0142atno\u015bci wychodz\u0105ce POH (Payment Otput Handler)"},"content":{"rendered":"","protected":true},"excerpt":{"rendered":"","protected":true},"author":1,"featured_media":0,"parent":0,"menu_order":0,"comment_status":"open","ping_status":"closed","template":"","meta":{"_kad_post_transparent":"","_kad_post_title":"","_kad_post_layout":"","_kad_post_sidebar_id":"","_kad_post_content_style":"","_kad_post_vertical_padding":"","_kad_post_feature":"","_kad_post_feature_position":"","_kad_post_header":false,"_kad_post_footer":false,"footnotes":""},"class_list":["post-64","page","type-page","status-publish","post-password-required","hentry"],"_links":{"self":[{"href":"https:\/\/pomoc.multi-admin.com\/index.php\/wp-json\/wp\/v2\/pages\/64","targetHints":{"allow":["GET"]}}],"collection":[{"href":"https:\/\/pomoc.multi-admin.com\/index.php\/wp-json\/wp\/v2\/pages"}],"about":[{"href":"https:\/\/pomoc.multi-admin.com\/index.php\/wp-json\/wp\/v2\/types\/page"}],"author":[{"embeddable":true,"href":"https:\/\/pomoc.multi-admin.com\/index.php\/wp-json\/wp\/v2\/users\/1"}],"replies":[{"embeddable":true,"href":"https:\/\/pomoc.multi-admin.com\/index.php\/wp-json\/wp\/v2\/comments?post=64"}],"version-history":[{"count":5,"href":"https:\/\/pomoc.multi-admin.com\/index.php\/wp-json\/wp\/v2\/pages\/64\/revisions"}],"predecessor-version":[{"id":79,"href":"https:\/\/pomoc.multi-admin.com\/index.php\/wp-json\/wp\/v2\/pages\/64\/revisions\/79"}],"wp:attachment":[{"href":"https:\/\/pomoc.multi-admin.com\/index.php\/wp-json\/wp\/v2\/media?parent=64"}],"curies":[{"name":"wp","href":"https:\/\/api.w.org\/{rel}","templated":true}]}}